{"id":7204,"date":"2024-10-20T12:33:52","date_gmt":"2024-10-20T09:33:52","guid":{"rendered":"https:\/\/www.emirbisiklet.com.tr\/?post_type=product&#038;p=7204"},"modified":"2024-10-20T12:33:52","modified_gmt":"2024-10-20T09:33:52","slug":"salcano-bisiklet-bilyali-pedal-sag-sol-takim-siyah","status":"publish","type":"product","link":"https:\/\/www.emirbisiklet.com.tr\/?product=salcano-bisiklet-bilyali-pedal-sag-sol-takim-siyah","title":{"rendered":"SALCANO B\u0130S\u0130KLET B\u0130LYALI PEDAL SA\u011e SOL TAKIM S\u0130YAH"},"content":{"rendered":"<p>Salcano SC500 Plastik Pedal<\/p>\n<div><\/div>\n<div>\n<ul>\n<li>Marka : Salcano<\/li>\n<li>Model : SC500<\/li>\n<li>\u00d6zellik : Pedal<\/li>\n<li>A\u011f\u0131rl\u0131k : 341 gr<\/li>\n<li>\u00d6l\u00e7\u00fc : 110 x 79 mm<\/li>\n<li>G\u00f6vde malzemesi : Plastik<\/li>\n<li>Bilya: Yok (biyal\u0131)<\/li>\n<li>Aks malzemesi : Cr-mo \u00e7elik<\/li>\n<li>Renk : Siyah<\/li>\n<li>Reflekt\u00f6rl\u00fc<\/li>\n<li>\u0130\u00e7erik : Sa\u011f ve sol pedal<\/li>\n<\/ul>\n<\/div>\n","protected":false},"excerpt":{"rendered":"<p>Salcano SC500 Plastik Pedal Marka : Salcano Model : SC500 \u00d6zellik : Pedal A\u011f\u0131rl\u0131k : 341 gr \u00d6l\u00e7\u00fc : 110 x 79 mm G\u00f6vde malzemesi : Plastik Bilya: Yok (biyal\u0131) Aks malzemesi : Cr-mo \u00e7elik Renk : Siyah Reflekt\u00f6rl\u00fc \u0130\u00e7erik : Sa\u011f ve sol pedal<\/p>\n","protected":false},"featured_media":7205,"comment_status":"open","ping_status":"closed","template":"","meta":[],"product_cat":[106],"product_tag":[],"class_list":{"0":"post-7204","1":"product","2":"type-product","3":"status-publish","4":"has-post-thumbnail","6":"product_cat-komponentler","9":"instock","10":"sale","11":"shipping-taxable","12":"purchasable","13":"product-type-simple"},"_links":{"self":[{"href":"https:\/\/www.emirbisiklet.com.tr\/index.php?rest_route=\/wp\/v2\/product\/7204","targetHints":{"allow":["GET"]}}],"collection":[{"href":"https:\/\/www.emirbisiklet.com.tr\/index.php?rest_route=\/wp\/v2\/product"}],"about":[{"href":"https:\/\/www.emirbisiklet.com.tr\/index.php?rest_route=\/wp\/v2\/types\/product"}],"replies":[{"embeddable":true,"href":"https:\/\/www.emirbisiklet.com.tr\/index.php?rest_route=%2Fwp%2Fv2%2Fcomments&post=7204"}],"version-history":[{"count":1,"href":"https:\/\/www.emirbisiklet.com.tr\/index.php?rest_route=\/wp\/v2\/product\/7204\/revisions"}],"predecessor-version":[{"id":7206,"href":"https:\/\/www.emirbisiklet.com.tr\/index.php?rest_route=\/wp\/v2\/product\/7204\/revisions\/7206"}],"wp:featuredmedia":[{"embeddable":true,"href":"https:\/\/www.emirbisiklet.com.tr\/index.php?rest_route=\/wp\/v2\/media\/7205"}],"wp:attachment":[{"href":"https:\/\/www.emirbisiklet.com.tr\/index.php?rest_route=%2Fwp%2Fv2%2Fmedia&parent=7204"}],"wp:term":[{"taxonomy":"product_cat","embeddable":true,"href":"https:\/\/www.emirbisiklet.com.tr\/index.php?rest_route=%2Fwp%2Fv2%2Fproduct_cat&post=7204"},{"taxonomy":"product_tag","embeddable":true,"href":"https:\/\/www.emirbisiklet.com.tr\/index.php?rest_route=%2Fwp%2Fv2%2Fproduct_tag&post=7204"}],"curies":[{"name":"wp","href":"https:\/\/api.w.org\/{rel}","templated":true}]}}