{"id":7136,"date":"2024-10-19T13:42:26","date_gmt":"2024-10-19T10:42:26","guid":{"rendered":"https:\/\/www.emirbisiklet.com.tr\/?post_type=product&#038;p=7136"},"modified":"2025-10-15T15:49:53","modified_gmt":"2025-10-15T12:49:53","slug":"licorne-jump-20-jant-bmx-hareket-bisikleti","status":"publish","type":"product","link":"https:\/\/www.emirbisiklet.com.tr\/?product=licorne-jump-20-jant-bmx-hareket-bisikleti","title":{"rendered":"Licorne Jump 20 Jant BMX Hareket Bisikleti"},"content":{"rendered":"<p>Licorne Jump Bmx &#8211; 20&#8221; BMX<\/p>\n<p>Licorne Bike Jump BMX, serbest stil BMX kadrosuna sahip , Gyro ve pegler ile donat\u0131lm\u0131\u015ft\u0131r.<\/p>\n<p>Bu kombinasyon sokakta kesinlikle g\u00f6z al\u0131c\u0131d\u0131r.<\/p>\n<p>20 in\u00e7 boyutuyla yakla\u015f\u0131k 130 cm boyundaki erkek \u00e7ocuklar\u0131n yan\u0131 s\u0131ra yeti\u015fkin erkekler i\u00e7in de uygundur.<\/p>\n<p>GYRO fren sistemi sayesinde, s\u0131n\u0131rs\u0131z d\u00f6nen gidon ve gerekti\u011finde takabilece\u011finiz d\u00f6rt adet Peg ile bisiklet iyi bir donan\u0131ma sahiptir.<\/p>\n<p>Her zamanki tek vitesli s\u00fcr\u00fc\u015fe ve tek par\u00e7al\u0131 bir krank\u0131n yan\u0131 s\u0131ra ekstra bir zincir korumas\u0131na sahiptir.<\/p>\n<p>Bisikletin %90&#8217;\u0131 \u00f6nceden monte edildi\u011finden montaj h\u0131zl\u0131 ve kolayd\u0131r.<\/p>\n<p>Bu, ilk s\u00fcr\u00fc\u015f\u00fcn\u00fczden \u00f6nce yaln\u0131zca birka\u00e7 ad\u0131m\u0131n gerekli oldu\u011fu anlam\u0131na gelir.<\/p>\n<p>&#8211; Stabil \u00c7elik Kadro<\/p>\n<p>&#8211; Stabil \u00c7elik Ma\u015fa<\/p>\n<p>&#8211; Amerikan Tip Yekpare Aynakol<\/p>\n<p>&#8211; D\u0131\u015f Lastik: 20*2.125 BMX<\/p>\n<p>&#8211; Al\u00fcminyum BMX GYRO Fren<\/p>\n<p>&#8211; 4 Adet peg ( ayakl\u0131klar )<\/p>\n<p>&#8211; Platform BMX Pedal<\/p>\n<p>&#8211; A\u011f\u0131rl\u0131k 13 Kg &#8211; Pegler ve pedallar dahil 14.5 Kg<\/p>\n<p>&#8211; Aynakol di\u015fli say\u0131s\u0131: 42 T<\/p>\n<p>&#8211; Arka di\u015fli: 16 T<\/p>\n<p>Licorne bisiklet bir \u00dcmit Bisiklet markas\u0131d\u0131r.<\/p>\n","protected":false},"excerpt":{"rendered":"<p>Licorne Jump Bmx &#8211; 20&#8221; BMX Licorne Bike Jump BMX, serbest stil BMX kadrosuna sahip , Gyro ve pegler ile donat\u0131lm\u0131\u015ft\u0131r. Bu kombinasyon sokakta kesinlikle g\u00f6z al\u0131c\u0131d\u0131r. 20 in\u00e7 boyutuyla yakla\u015f\u0131k 130 cm boyundaki erkek \u00e7ocuklar\u0131n yan\u0131 s\u0131ra yeti\u015fkin erkekler i\u00e7in de uygundur. GYRO fren sistemi sayesinde, s\u0131n\u0131rs\u0131z d\u00f6nen gidon ve gerekti\u011finde takabilece\u011finiz d\u00f6rt adet &hellip; <a href=\"https:\/\/www.emirbisiklet.com.tr\/?product=licorne-jump-20-jant-bmx-hareket-bisikleti\" class=\"more-link\">Continue reading <span class=\"screen-reader-text\">Licorne Jump 20 Jant BMX Hareket Bisikleti<\/span><\/a><\/p>\n","protected":false},"featured_media":7137,"comment_status":"open","ping_status":"closed","template":"","meta":[],"product_cat":[104],"product_tag":[],"class_list":{"0":"post-7136","1":"product","2":"type-product","3":"status-publish","4":"has-post-thumbnail","6":"product_cat-cocuk-bisikletler","9":"instock","10":"sale","11":"shipping-taxable","12":"purchasable","13":"product-type-simple"},"_links":{"self":[{"href":"https:\/\/www.emirbisiklet.com.tr\/index.php?rest_route=\/wp\/v2\/product\/7136","targetHints":{"allow":["GET"]}}],"collection":[{"href":"https:\/\/www.emirbisiklet.com.tr\/index.php?rest_route=\/wp\/v2\/product"}],"about":[{"href":"https:\/\/www.emirbisiklet.com.tr\/index.php?rest_route=\/wp\/v2\/types\/product"}],"replies":[{"embeddable":true,"href":"https:\/\/www.emirbisiklet.com.tr\/index.php?rest_route=%2Fwp%2Fv2%2Fcomments&post=7136"}],"version-history":[{"count":1,"href":"https:\/\/www.emirbisiklet.com.tr\/index.php?rest_route=\/wp\/v2\/product\/7136\/revisions"}],"predecessor-version":[{"id":7140,"href":"https:\/\/www.emirbisiklet.com.tr\/index.php?rest_route=\/wp\/v2\/product\/7136\/revisions\/7140"}],"wp:featuredmedia":[{"embeddable":true,"href":"https:\/\/www.emirbisiklet.com.tr\/index.php?rest_route=\/wp\/v2\/media\/7137"}],"wp:attachment":[{"href":"https:\/\/www.emirbisiklet.com.tr\/index.php?rest_route=%2Fwp%2Fv2%2Fmedia&parent=7136"}],"wp:term":[{"taxonomy":"product_cat","embeddable":true,"href":"https:\/\/www.emirbisiklet.com.tr\/index.php?rest_route=%2Fwp%2Fv2%2Fproduct_cat&post=7136"},{"taxonomy":"product_tag","embeddable":true,"href":"https:\/\/www.emirbisiklet.com.tr\/index.php?rest_route=%2Fwp%2Fv2%2Fproduct_tag&post=7136"}],"curies":[{"name":"wp","href":"https:\/\/api.w.org\/{rel}","templated":true}]}}