{"id":7114,"date":"2024-10-19T12:08:43","date_gmt":"2024-10-19T09:08:43","guid":{"rendered":"https:\/\/www.emirbisiklet.com.tr\/?post_type=product&#038;p=7114"},"modified":"2025-02-08T06:53:05","modified_gmt":"2025-02-08T03:53:05","slug":"peugeot-r17-yol-yaris-bisikleti-neon-sarisi-50-inc","status":"publish","type":"product","link":"https:\/\/www.emirbisiklet.com.tr\/?product=peugeot-r17-yol-yaris-bisikleti-neon-sarisi-50-inc","title":{"rendered":"PEUGEOT R17 YOL YARI\u015e B\u0130S\u0130KLET\u0130 NEON SARISI (50 \u0130N\u00c7)"},"content":{"rendered":"<div class=\"parameter-row\"><img decoding=\"async\" class=\"parameter-img\" src=\"https:\/\/www.peugeotbisiklet.com.tr\/themes\/orbis\/objects\/a1929-v1-orbis-r2\/file\/kadro.png\" \/><span id=\"alttext-container\"><img id=\"alttext-image\" width=\"16\" height=\"16\" align=\"left\" \/><span id=\"alttext\"><\/span><\/span><span class=\"parameter-title\"><span id=\"icon-FRAME\" class=\"icon\"><\/span>KADRO<\/span><span class=\"parameter-value\">Aluminyum 6061 Double Butted<\/span><\/div>\n<div class=\"parameter-row\"><img decoding=\"async\" class=\"parameter-img\" src=\"https:\/\/www.peugeotbisiklet.com.tr\/themes\/orbis\/objects\/a1929-v1-orbis-r2\/file\/masa.png\" \/><span class=\"parameter-title\"><span id=\"icon-FORK\" class=\"icon\"><\/span>MA\u015eA<\/span><span class=\"parameter-value\">\u00c7elik Rijit<\/span><\/div>\n<div class=\"parameter-row\"><img decoding=\"async\" class=\"parameter-img\" src=\"https:\/\/www.peugeotbisiklet.com.tr\/themes\/orbis\/objects\/a1929-v1-orbis-r2\/file\/vites.png\" \/><span class=\"parameter-title\"><span id=\"icon-GEAR\" class=\"icon\"><\/span>V\u0130TES<\/span><span class=\"parameter-value\">16 Vites<\/span><\/div>\n<div class=\"parameter-row\"><img decoding=\"async\" class=\"parameter-img\" src=\"https:\/\/www.peugeotbisiklet.com.tr\/themes\/orbis\/objects\/a1929-v1-orbis-r2\/file\/arka_aktarici.png\" \/><span class=\"parameter-title\"><span id=\"icon-REAR DERAILLEUR\" class=\"icon\"><\/span>ARKA AKTARICI<\/span><span class=\"parameter-value\">Shimano Tourney RD-A070<\/span><\/div>\n<div class=\"parameter-row\"><img decoding=\"async\" class=\"parameter-img\" src=\"https:\/\/www.peugeotbisiklet.com.tr\/themes\/orbis\/objects\/a1929-v1-orbis-r2\/file\/on_aktarici.png\" \/><span class=\"parameter-title\"><span id=\"icon-FRONT DERAILLEUR\" class=\"icon\"><\/span>\u00d6N AKTARICI<\/span><span class=\"parameter-value\">Shimano Tourney RD-A070<\/span><\/div>\n<div class=\"parameter-row\"><img decoding=\"async\" class=\"parameter-img\" src=\"https:\/\/www.peugeotbisiklet.com.tr\/themes\/orbis\/objects\/a1929-v1-orbis-r2\/file\/vites_kolu.png\" \/><span class=\"parameter-title\"><span id=\"icon-SHIFTERS\" class=\"icon\"><\/span>V\u0130TES KOLU<\/span><span class=\"parameter-value\">Shimano ST-A070 2x<\/span><\/div>\n<div class=\"parameter-row\"><img decoding=\"async\" class=\"parameter-img\" src=\"https:\/\/www.peugeotbisiklet.com.tr\/themes\/orbis\/objects\/a1929-v1-orbis-r2\/file\/fren_sistemi.png\" \/><span class=\"parameter-title\"><span id=\"icon-BRAKE\" class=\"icon\"><\/span>FREN S\u0130STEM\u0130<\/span><span class=\"parameter-value\">Tektro R313 Aluminyum<\/span><\/div>\n<div class=\"parameter-row\"><img decoding=\"async\" class=\"parameter-img\" src=\"https:\/\/www.peugeotbisiklet.com.tr\/themes\/orbis\/objects\/a1929-v1-orbis-r2\/file\/aynakol.png\" \/><span class=\"parameter-title\"><span id=\"icon-CRANKSET\" class=\"icon\"><\/span>AYNAKOL<\/span><span class=\"parameter-value\">Shimano FC-A070 50\u00d734<\/span><\/div>\n<div class=\"parameter-row\"><img decoding=\"async\" class=\"parameter-img\" src=\"https:\/\/www.peugeotbisiklet.com.tr\/themes\/orbis\/objects\/a1929-v1-orbis-r2\/file\/ruble.png\" \/><span class=\"parameter-title\"><span id=\"icon-CASETTE\" class=\"icon\"><\/span>RUBLE<\/span><span class=\"parameter-value\">Shimano MF-TZ500 14-28T<\/span><\/div>\n<div class=\"parameter-row\"><img decoding=\"async\" class=\"parameter-img\" src=\"https:\/\/www.peugeotbisiklet.com.tr\/themes\/orbis\/objects\/a1929-v1-orbis-r2\/file\/sele.png\" \/><span class=\"parameter-title\"><span id=\"icon-SADDLE\" class=\"icon\"><\/span>SELE<\/span><span class=\"parameter-value\">Selle Royal<\/span><\/div>\n<div class=\"parameter-row\"><img decoding=\"async\" class=\"parameter-img\" src=\"https:\/\/www.peugeotbisiklet.com.tr\/themes\/orbis\/objects\/a1929-v1-orbis-r2\/file\/jant.png\" \/><span class=\"parameter-title\"><span id=\"icon-RIMS\" class=\"icon\"><\/span>JANT<\/span><span class=\"parameter-value\">Aluminyum PG-40<\/span><\/div>\n<div class=\"parameter-row\"><img decoding=\"async\" class=\"parameter-img\" src=\"https:\/\/www.peugeotbisiklet.com.tr\/themes\/orbis\/objects\/a1929-v1-orbis-r2\/file\/lastik.png\" \/><span class=\"parameter-title\"><span id=\"icon-TIRES\" class=\"icon\"><\/span>LAST\u0130K<\/span><span class=\"parameter-value\">IMPAC 700\u00d725 Race Pace<\/span><\/div>\n<div><\/div>\n","protected":false},"excerpt":{"rendered":"<p>KADROAluminyum 6061 Double Butted MA\u015eA\u00c7elik Rijit V\u0130TES16 Vites ARKA AKTARICIShimano Tourney RD-A070 \u00d6N AKTARICIShimano Tourney RD-A070 V\u0130TES KOLUShimano ST-A070 2x FREN S\u0130STEM\u0130Tektro R313 Aluminyum AYNAKOLShimano FC-A070 50\u00d734 RUBLEShimano MF-TZ500 14-28T SELESelle Royal JANTAluminyum PG-40 LAST\u0130KIMPAC 700\u00d725 Race Pace<\/p>\n","protected":false},"featured_media":7115,"comment_status":"open","ping_status":"closed","template":"","meta":[],"product_cat":[101],"product_tag":[],"class_list":{"0":"post-7114","1":"product","2":"type-product","3":"status-publish","4":"has-post-thumbnail","6":"product_cat-yol-bisikleti","9":"instock","10":"sale","11":"shipping-taxable","12":"purchasable","13":"product-type-simple"},"_links":{"self":[{"href":"https:\/\/www.emirbisiklet.com.tr\/index.php?rest_route=\/wp\/v2\/product\/7114","targetHints":{"allow":["GET"]}}],"collection":[{"href":"https:\/\/www.emirbisiklet.com.tr\/index.php?rest_route=\/wp\/v2\/product"}],"about":[{"href":"https:\/\/www.emirbisiklet.com.tr\/index.php?rest_route=\/wp\/v2\/types\/product"}],"replies":[{"embeddable":true,"href":"https:\/\/www.emirbisiklet.com.tr\/index.php?rest_route=%2Fwp%2Fv2%2Fcomments&post=7114"}],"version-history":[{"count":1,"href":"https:\/\/www.emirbisiklet.com.tr\/index.php?rest_route=\/wp\/v2\/product\/7114\/revisions"}],"predecessor-version":[{"id":7118,"href":"https:\/\/www.emirbisiklet.com.tr\/index.php?rest_route=\/wp\/v2\/product\/7114\/revisions\/7118"}],"wp:featuredmedia":[{"embeddable":true,"href":"https:\/\/www.emirbisiklet.com.tr\/index.php?rest_route=\/wp\/v2\/media\/7115"}],"wp:attachment":[{"href":"https:\/\/www.emirbisiklet.com.tr\/index.php?rest_route=%2Fwp%2Fv2%2Fmedia&parent=7114"}],"wp:term":[{"taxonomy":"product_cat","embeddable":true,"href":"https:\/\/www.emirbisiklet.com.tr\/index.php?rest_route=%2Fwp%2Fv2%2Fproduct_cat&post=7114"},{"taxonomy":"product_tag","embeddable":true,"href":"https:\/\/www.emirbisiklet.com.tr\/index.php?rest_route=%2Fwp%2Fv2%2Fproduct_tag&post=7114"}],"curies":[{"name":"wp","href":"https:\/\/api.w.org\/{rel}","templated":true}]}}