{"id":7011,"date":"2024-10-16T12:42:43","date_gmt":"2024-10-16T09:42:43","guid":{"rendered":"https:\/\/www.emirbisiklet.com.tr\/?post_type=product&#038;p=7011"},"modified":"2025-10-15T15:35:53","modified_gmt":"2025-10-15T12:35:53","slug":"bisan-thunder-26-jant-unisex-3x6-vites-dag-bisikleti","status":"publish","type":"product","link":"https:\/\/www.emirbisiklet.com.tr\/?product=bisan-thunder-26-jant-unisex-3x6-vites-dag-bisikleti","title":{"rendered":"B\u0130SAN THUNDER 26 JANT UN\u0130SEX 3X6 SH\u0130MANO V\u0130TES DA\u011e B\u0130S\u0130KLET\u0130"},"content":{"rendered":"<p style=\"font-weight: 400\"><span data-sheets-root=\"1\" data-sheets-value=\"{&quot;1&quot;:2,&quot;2&quot;:&quot;B\u0130SAN THUNDER LADY 24\\&quot; JANT 42 CM KADRO 3X6 V\u0130TES DA\u011e B\u0130S\u0130KLET\u0130 MAV\u0130 S\u0130YAH\\n\\nKADRO\/FRAME : \u00c7EL\u0130K\/STEEL\\nMA\u015eA\/FORK : \u00c7EL\u0130K\/STEEL\\nV\u0130TES KOLLARI\/SHIFTER LEVERS : SHIMANO TOURNEY SL-RS35-6R\\nFREN S\u0130STEM\u0130\/BRAKE : V-FREN\/V-BRAKE \u00c7EL\u0130K\/STEEL\\n\u00d6N AKTARICI\/FRONT DERAILLEUR : SHIMANO TOURNEY FD-TZ510\\nARKA AKTARICI\/REAR DERAILLEUR : SHIMANO TOURNEY RD-TY21-B\\nAYNAKOL\/CRANKSET : \u00c7EL\u0130K\/STEEL (42-34-24T)\\nRUBLE\/CASSETTE : SHIMANO MF-TZ500 (6S) (14-28T)\\nJANT TAKIMI\/RIMS SET : ALLOY TEK KATLI\/SINGLE WALL\\nLAST\u0130K\/TIRE : MITAS\/CST&quot;}\" data-sheets-userformat=\"{&quot;2&quot;:8707,&quot;3&quot;:{&quot;1&quot;:0},&quot;4&quot;:{&quot;1&quot;:2,&quot;2&quot;:13624051},&quot;12&quot;:0,&quot;16&quot;:1}\">B\u0130SAN THUNDER LADY 26&#8243; JANT 42 CM KADRO 3X6 V\u0130TES DA\u011e B\u0130S\u0130KLET\u0130 MAV\u0130 S\u0130YAH<\/span><\/p>\n<p>&nbsp;<\/p>\n<p style=\"font-weight: 400\"><b><strong>KADRO\/FRAME :\u00a0<\/strong><\/b>\u00c7elik\/steel<br \/>\n<b><strong>MA\u015eA\/FORK :\u00a0<\/strong><\/b>\u00c7elik\/steel<br \/>\n<b><strong>V\u0130TES KOLLARI\/SHIFTER LEVERS :\u00a0<\/strong><\/b>\u00a0Shimano tourney sl-rs35-6r<br \/>\n<b><strong>FREN S\u0130STEM\u0130\/BRAKE :\u00a0<\/strong><\/b>\u00a0V-fren\/V-brake \u00e7elik\/Steel<br \/>\n<b><strong>\u00d6N AKTARICI\/FRONT DERAILLEUR :\u00a0<\/strong><\/b>Shimano tourney fd-tz510<br \/>\n<b><strong>ARKA AKTARICI\/REAR DERAILLEUR :\u00a0<\/strong><\/b>Shimano tourney rd-ty21-b<br \/>\n<b><strong>AYNAKOL\/CRANKSET :\u00a0<\/strong><\/b>\u00c7elik\/steel (42-34-24t)<br \/>\n<b><strong>RUBLE\/CASSETTE :\u00a0<\/strong><\/b>\u00a0Shimano mf-tz500 (6s) (14-28t)<br \/>\n<b><strong>JANT TAKIMI\/RIMS SET :\u00a0<\/strong><\/b>\u00a0Alloy tek katl\u0131\/Single wall<br \/>\n<b><strong>LAST\u0130K\/TIRE :<\/strong><\/b>Mitas\/Cst<\/p>\n","protected":false},"excerpt":{"rendered":"<p>B\u0130SAN THUNDER LADY 26&#8243; JANT 42 CM KADRO 3X6 V\u0130TES DA\u011e B\u0130S\u0130KLET\u0130 MAV\u0130 S\u0130YAH &nbsp; KADRO\/FRAME :\u00a0\u00c7elik\/steel MA\u015eA\/FORK :\u00a0\u00c7elik\/steel V\u0130TES KOLLARI\/SHIFTER LEVERS :\u00a0\u00a0Shimano tourney sl-rs35-6r FREN S\u0130STEM\u0130\/BRAKE :\u00a0\u00a0V-fren\/V-brake \u00e7elik\/Steel \u00d6N AKTARICI\/FRONT DERAILLEUR :\u00a0Shimano tourney fd-tz510 ARKA AKTARICI\/REAR DERAILLEUR :\u00a0Shimano tourney rd-ty21-b AYNAKOL\/CRANKSET :\u00a0\u00c7elik\/steel (42-34-24t) RUBLE\/CASSETTE :\u00a0\u00a0Shimano mf-tz500 (6s) (14-28t) JANT TAKIMI\/RIMS SET :\u00a0\u00a0Alloy tek katl\u0131\/Single &hellip; <a href=\"https:\/\/www.emirbisiklet.com.tr\/?product=bisan-thunder-26-jant-unisex-3x6-vites-dag-bisikleti\" class=\"more-link\">Continue reading <span class=\"screen-reader-text\">B\u0130SAN THUNDER 26 JANT UN\u0130SEX 3X6 SH\u0130MANO V\u0130TES DA\u011e B\u0130S\u0130KLET\u0130<\/span><\/a><\/p>\n","protected":false},"featured_media":7012,"comment_status":"open","ping_status":"closed","template":"","meta":[],"product_cat":[99],"product_tag":[],"class_list":{"0":"post-7011","1":"product","2":"type-product","3":"status-publish","4":"has-post-thumbnail","6":"product_cat-dag-bisikleti","9":"instock","10":"sale","11":"shipping-taxable","12":"purchasable","13":"product-type-simple"},"_links":{"self":[{"href":"https:\/\/www.emirbisiklet.com.tr\/index.php?rest_route=\/wp\/v2\/product\/7011","targetHints":{"allow":["GET"]}}],"collection":[{"href":"https:\/\/www.emirbisiklet.com.tr\/index.php?rest_route=\/wp\/v2\/product"}],"about":[{"href":"https:\/\/www.emirbisiklet.com.tr\/index.php?rest_route=\/wp\/v2\/types\/product"}],"replies":[{"embeddable":true,"href":"https:\/\/www.emirbisiklet.com.tr\/index.php?rest_route=%2Fwp%2Fv2%2Fcomments&post=7011"}],"version-history":[{"count":2,"href":"https:\/\/www.emirbisiklet.com.tr\/index.php?rest_route=\/wp\/v2\/product\/7011\/revisions"}],"predecessor-version":[{"id":7017,"href":"https:\/\/www.emirbisiklet.com.tr\/index.php?rest_route=\/wp\/v2\/product\/7011\/revisions\/7017"}],"wp:featuredmedia":[{"embeddable":true,"href":"https:\/\/www.emirbisiklet.com.tr\/index.php?rest_route=\/wp\/v2\/media\/7012"}],"wp:attachment":[{"href":"https:\/\/www.emirbisiklet.com.tr\/index.php?rest_route=%2Fwp%2Fv2%2Fmedia&parent=7011"}],"wp:term":[{"taxonomy":"product_cat","embeddable":true,"href":"https:\/\/www.emirbisiklet.com.tr\/index.php?rest_route=%2Fwp%2Fv2%2Fproduct_cat&post=7011"},{"taxonomy":"product_tag","embeddable":true,"href":"https:\/\/www.emirbisiklet.com.tr\/index.php?rest_route=%2Fwp%2Fv2%2Fproduct_tag&post=7011"}],"curies":[{"name":"wp","href":"https:\/\/api.w.org\/{rel}","templated":true}]}}